{"id":3864,"date":"2021-03-17T10:10:16","date_gmt":"2021-03-17T10:10:16","guid":{"rendered":"https:\/\/akk.ee\/?post_type=product&#038;p=3864"},"modified":"2021-04-12T12:07:21","modified_gmt":"2021-04-12T12:07:21","slug":"liugong-9018f","status":"publish","type":"product","link":"https:\/\/akk.ee\/en\/tooted\/liugong-9018f\/","title":{"rendered":"LiuGong 9018F"},"content":{"rendered":"","protected":false},"excerpt":{"rendered":"<p><strong>Omadused &amp; Eelised<\/strong><\/p>\n<ul>\n<li>Lihtne transportida<\/li>\n<li>Lihtne kasutada<\/li>\n<li>Lihtne hooldada<\/li>\n<li>Madalad \u00fclalpidamiskulud<\/li>\n<li>Ruumikas kabiin<\/li>\n<li>Koormustundlik h\u00fcdraulika sujuvaks &amp; t\u00e4pseks t\u00f6\u00f6ks<\/li>\n<li>V\u00f5imas h\u00fcdraulikapump 55 L\/min<\/li>\n<li>Suur k\u00fctusepaak 28 L, t\u00f6\u00f6ta terve p\u00e4ev<\/li>\n<li>20% produktiivsem masin<\/li>\n<li>H\u00fcdrauliliselt reguleeritav alusvanker 980 mm-1290 mm lai<\/li>\n<li>Disainitud UK arendusosakonna poolt &#8211; v\u00f5itnud Red Dot auhinna<\/li>\n<\/ul>\n<p>Vaata lisaks 9018F\u00a0<a href=\"https:\/\/liugong-europe.com\/?excavators=9018f\" target=\"_blank\" rel=\"noopener noreferrer\">tootelehte<\/a><\/p>\n<p><a id=\"default-btn-895bd30feaaf6a1b67b70055fd7b764f\" class=\"default-btn-shortcode dt-btn dt-btn-s link-hover-off btn-inline-left \" href=\"https:\/\/akk.ee\/wp-content\/uploads\/2021\/03\/9018F-spec.pdf\">Lae alla spetsifikatsioon<\/a><\/p>\n","protected":false},"featured_media":3902,"template":"","meta":{"_acf_changed":false,"rank_math_lock_modified_date":false,"inline_featured_image":false},"product_cat":[113],"product_tag":[120],"class_list":{"0":"post-3864","1":"product","2":"type-product","3":"status-publish","4":"has-post-thumbnail","6":"product_cat-ekskavaatorid","7":"product_tag-liugong","8":"description-off","10":"first","11":"instock","12":"shipping-taxable","13":"product-type-simple"},"acf":[],"jetpack_sharing_enabled":true,"_links":{"self":[{"href":"https:\/\/akk.ee\/en\/wp-json\/wp\/v2\/product\/3864","targetHints":{"allow":["GET"]}}],"collection":[{"href":"https:\/\/akk.ee\/en\/wp-json\/wp\/v2\/product"}],"about":[{"href":"https:\/\/akk.ee\/en\/wp-json\/wp\/v2\/types\/product"}],"wp:featuredmedia":[{"embeddable":true,"href":"https:\/\/akk.ee\/en\/wp-json\/wp\/v2\/media\/3902"}],"wp:attachment":[{"href":"https:\/\/akk.ee\/en\/wp-json\/wp\/v2\/media?parent=3864"}],"wp:term":[{"taxonomy":"product_cat","embeddable":true,"href":"https:\/\/akk.ee\/en\/wp-json\/wp\/v2\/product_cat?post=3864"},{"taxonomy":"product_tag","embeddable":true,"href":"https:\/\/akk.ee\/en\/wp-json\/wp\/v2\/product_tag?post=3864"}],"curies":[{"name":"wp","href":"https:\/\/api.w.org\/{rel}","templated":true}]}}