{"id":1575,"date":"2020-02-27T19:44:26","date_gmt":"2020-02-27T19:44:26","guid":{"rendered":"http:\/\/winkd.eu\/akk\/?post_type=product&#038;p=1575"},"modified":"2021-05-08T20:32:05","modified_gmt":"2021-05-08T20:32:05","slug":"liugong-909ecr","status":"publish","type":"product","link":"https:\/\/akk.ee\/en\/shop\/liugong-909ecr\/","title":{"rendered":"LiuGong 909ECR"},"content":{"rendered":"","protected":false},"excerpt":{"rendered":"<p><strong>Features &amp; Benefits\u00a0<\/strong><\/p>\n<ul>\n<li>POWERFUL ENGINE &#8211; The fuel efficient Yanmar 4TNV98C engine provides proven and reliable power. 500 hours engine oil service interval.<\/li>\n<li>DIGGING FORCE &#8211; High breakout forces for tough digging<\/li>\n<li>CABIN &#8211; \u00a0Spacious cabin provides excellent visibility. Cabin layout makes operating the 909ECR easy<\/li>\n<li>ADVANCED HYDRAULICS &#8211; Advanced hydraulic system is perfectly matched to the engine and components for fast response and smooth operation. The hydraulic system provides a load sensing and flow sharing capability leading to operational precision, efficient performance and greater controllability.<\/li>\n<li>HIGH TRACTION &#8211; Great traction for powerful dozing<\/li>\n<li>BLADE FLOAT FUNCTION &#8211; The float function can be enabled with a toggle switch on the right side of the control panel. Because you don\u2019t have to adjust the blade height during travel, cleanup and backflling will be easier<\/li>\n<li>SHORT TAIL SWING &#8211; On this model, if you are working in a confined space the short tail swing ensures safe and easy operation\u00a0within a confined space<\/li>\n<\/ul>\n<div class=\"page\" title=\"Page 4\">\n<div class=\"section\">\n<div class=\"layoutArea\">\n<div class=\"column\"><\/div>\n<\/div>\n<\/div>\n<\/div>\n<p>For more information visit the 909ECR\u00a0<a href=\"https:\/\/liugong-europe.com\/?excavators=909ecr\" target=\"_blank\" rel=\"noopener noreferrer\">product page<\/a><\/p>\n<p><a id=\"default-btn-895bd30feaaf6a1b67b70055fd7b764f\" class=\"default-btn-shortcode dt-btn dt-btn-s link-hover-off btn-inline-left \" href=\"https:\/\/akk.ee\/wp-content\/uploads\/2021\/05\/909ECR-Stage-V-Bro\u0161\u00fc\u00fcr.pdf\">Download brochure<\/a><\/p>\n","protected":false},"featured_media":1705,"template":"","meta":{"_acf_changed":false,"rank_math_lock_modified_date":false,"inline_featured_image":false},"product_cat":[47],"product_tag":[71],"class_list":{"0":"post-1575","1":"product","2":"type-product","3":"status-publish","4":"has-post-thumbnail","6":"product_cat-excavators","7":"product_tag-liugong","8":"description-off","10":"first","11":"instock","12":"shipping-taxable","13":"product-type-simple"},"acf":[],"jetpack_sharing_enabled":true,"_links":{"self":[{"href":"https:\/\/akk.ee\/en\/wp-json\/wp\/v2\/product\/1575","targetHints":{"allow":["GET"]}}],"collection":[{"href":"https:\/\/akk.ee\/en\/wp-json\/wp\/v2\/product"}],"about":[{"href":"https:\/\/akk.ee\/en\/wp-json\/wp\/v2\/types\/product"}],"wp:featuredmedia":[{"embeddable":true,"href":"https:\/\/akk.ee\/en\/wp-json\/wp\/v2\/media\/1705"}],"wp:attachment":[{"href":"https:\/\/akk.ee\/en\/wp-json\/wp\/v2\/media?parent=1575"}],"wp:term":[{"taxonomy":"product_cat","embeddable":true,"href":"https:\/\/akk.ee\/en\/wp-json\/wp\/v2\/product_cat?post=1575"},{"taxonomy":"product_tag","embeddable":true,"href":"https:\/\/akk.ee\/en\/wp-json\/wp\/v2\/product_tag?post=1575"}],"curies":[{"name":"wp","href":"https:\/\/api.w.org\/{rel}","templated":true}]}}